{"id":10,"date":"2025-05-13T19:55:18","date_gmt":"2025-05-13T19:55:18","guid":{"rendered":"https:\/\/bibliotekank.me\/?page_id=10"},"modified":"2025-06-08T18:09:21","modified_gmt":"2025-06-08T18:09:21","slug":"pocetna","status":"publish","type":"page","link":"https:\/\/bibliotekank.me\/","title":{"rendered":"Po\u010detna"},"content":{"rendered":"<p>[et_pb_section fb_built=&#8221;1&#8243; next_background_color=&#8221;#e0d8c8&#8243; admin_label=&#8221;Header&#8221; _builder_version=&#8221;4.27.4&#8243; _module_preset=&#8221;default&#8221; background_color=&#8221;#000000&#8243; use_background_color_gradient=&#8221;on&#8221; background_color_gradient_direction=&#8221;90deg&#8221; background_color_gradient_stops=&#8221;gcid-a9d8e14e-2f78-408a-a83c-506939196b52 0%|rgba(42,47,49,0.54) 100%&#8221; background_color_gradient_overlays_image=&#8221;on&#8221; background_image=&#8221;https:\/\/bibliotekank.me\/wp-content\/uploads\/2025\/05\/Biblioteka-Njegos-Slider.jpg&#8221; custom_padding=&#8221;8vw||8vw||true|false&#8221; bottom_divider_style=&#8221;curve2&#8243; bottom_divider_style_tablet=&#8221;curve2&#8243; bottom_divider_style_phone=&#8221;curve2&#8243; bottom_divider_style_last_edited=&#8221;on|desktop&#8221; locked=&#8221;off&#8221; collapsed=&#8221;on&#8221; global_colors_info=&#8221;{}&#8221;][et_pb_row column_structure=&#8221;2_3,1_3&#8243; _builder_version=&#8221;4.22.1&#8243; _module_preset=&#8221;default&#8221; custom_padding=&#8221;||||false|false&#8221; locked=&#8221;off&#8221; global_colors_info=&#8221;{}&#8221;][et_pb_column type=&#8221;2_3&#8243; _builder_version=&#8221;4.19.1&#8243; _module_preset=&#8221;default&#8221; global_colors_info=&#8221;{}&#8221;][et_pb_text _builder_version=&#8221;4.27.4&#8243; _module_preset=&#8221;390b84e5-4d7f-4c26-a176-0dbc36966a4c&#8221; header_font=&#8221;Abril Fatface|700|||||||&#8221; header_text_color=&#8221;#FFFFFF&#8221; custom_margin=&#8221;||10px||false|false&#8221; global_colors_info=&#8221;{}&#8221;]<\/p>\n<h1>JU Narodna biblioteka \u201eNjego\u0161\u201d Nik\u0161i\u0107<\/h1>\n<p>[\/et_pb_text][et_pb_text _builder_version=&#8221;4.27.4&#8243; _module_preset=&#8221;1326f1d2-1760-4727-b600-90f1cb801213&#8243; text_text_color=&#8221;gcid-a9d8e14e-2f78-408a-a83c-506939196b52&#8243; header_font=&#8221;Abril Fatface||||||||&#8221; header_3_font=&#8221;Abril Fatface||||||||&#8221; header_3_text_color=&#8221;#FFFFFF&#8221; global_colors_info=&#8221;{%22gcid-a9d8e14e-2f78-408a-a83c-506939196b52%22:%91%22text_text_color%22%93}&#8221;]<\/p>\n<h3><span>Dobro do\u0161li na na\u0161u zvani\u010dnu internet stranicu<\/span><\/h3>\n<p>[\/et_pb_text][et_pb_button button_url=&#8221;https:\/\/bibliotekank.me\/?page_id=83&#8243; button_text=&#8221;O nama&#8221; _builder_version=&#8221;4.27.4&#8243; _module_preset=&#8221;9eba6efa-5ee1-4bdd-8030-d4650d5fa212&#8243; button_font=&#8221;Abril Fatface|700||on|||||&#8221; global_colors_info=&#8221;{}&#8221;][\/et_pb_button][\/et_pb_column][et_pb_column type=&#8221;1_3&#8243; _builder_version=&#8221;4.19.1&#8243; _module_preset=&#8221;default&#8221; global_colors_info=&#8221;{}&#8221;][\/et_pb_column][\/et_pb_row][\/et_pb_section][et_pb_section fb_built=&#8221;1&#8243; admin_label=&#8221;Courses&#8221; _builder_version=&#8221;4.27.4&#8243; _module_preset=&#8221;default&#8221; background_color=&#8221;#e0d8c8&#8243; background_enable_image=&#8221;off&#8221; background_size=&#8221;stretch&#8221; background_blend=&#8221;overlay&#8221; top_divider_flip=&#8221;vertical&#8221; top_divider_arrangement=&#8221;above_content&#8221; saved_tabs=&#8221;all&#8221; collapsed=&#8221;on&#8221; global_colors_info=&#8221;{}&#8221;][et_pb_row _builder_version=&#8221;4.27.4&#8243; _module_preset=&#8221;default&#8221; background_color=&#8221;#FFFFFF&#8221; custom_padding=&#8221;|10px||10px|false|true&#8221; animation_style=&#8221;zoom&#8221; border_radii=&#8221;on|5px|5px|5px|5px&#8221; box_shadow_style=&#8221;preset1&#8243; global_colors_info=&#8221;{}&#8221;][et_pb_column type=&#8221;4_4&#8243; _builder_version=&#8221;4.27.4&#8243; _module_preset=&#8221;default&#8221; global_colors_info=&#8221;{}&#8221;][et_pb_text _builder_version=&#8221;4.27.4&#8243; _module_preset=&#8221;8b4063b7-3b04-435a-bdca-a1e9f20578c5&#8243; header_2_font=&#8221;Abril Fatface|600|||||||&#8221; header_2_text_color=&#8221;#000000&#8243; text_orientation=&#8221;center&#8221; header_2_font_size_phone=&#8221;31px&#8221; global_colors_info=&#8221;{}&#8221;]<\/p>\n<h2>Novosti<\/h2>\n<p>[\/et_pb_text][et_pb_blog_extras posts_number=&#8221;3&#8243; include_categories=&#8221;1&#8243; blog_layout=&#8221;block_extended&#8221; use_read_more_button=&#8221;on&#8221; read_more_text=&#8221;Pro\u010ditajte vi\u0161e&#8221; show_author=&#8221;off&#8221; show_categories=&#8221;off&#8221; show_comments=&#8221;off&#8221; _builder_version=&#8221;4.27.4&#8243; _module_preset=&#8221;default&#8221; custom_read_more=&#8221;on&#8221; read_more_text_color=&#8221;#000000&#8243; global_colors_info=&#8221;{}&#8221;][\/et_pb_blog_extras][et_pb_button button_url=&#8221;https:\/\/bibliotekank.me\/?page_id=170&#8243; button_text=&#8221;Pogledajte sve novosti&#8221; button_alignment=&#8221;center&#8221; _builder_version=&#8221;4.27.4&#8243; _module_preset=&#8221;af18cf0c-1634-460d-9a45-1cca735b522c&#8221; button_font=&#8221;Abril Fatface|||on|||||&#8221; global_colors_info=&#8221;{}&#8221;][\/et_pb_button][\/et_pb_column][\/et_pb_row][\/et_pb_section][et_pb_section fb_built=&#8221;1&#8243; specialty=&#8221;on&#8221; admin_label=&#8221;Courses&#8221; _builder_version=&#8221;4.27.4&#8243; _module_preset=&#8221;default&#8221; background_color=&#8221;#eeeeee&#8221; collapsed=&#8221;on&#8221; global_colors_info=&#8221;{}&#8221;][et_pb_column type=&#8221;2_3&#8243; specialty_columns=&#8221;2&#8243; _builder_version=&#8221;4.16&#8243; _module_preset=&#8221;default&#8221; custom_padding=&#8221;|||&#8221; global_colors_info=&#8221;{}&#8221; custom_padding__hover=&#8221;|||&#8221;][et_pb_row_inner _builder_version=&#8221;4.19.1&#8243; _module_preset=&#8221;default&#8221; locked=&#8221;off&#8221; global_colors_info=&#8221;{}&#8221;][et_pb_column_inner saved_specialty_column_type=&#8221;2_3&#8243; _builder_version=&#8221;4.19.1&#8243; _module_preset=&#8221;default&#8221; global_colors_info=&#8221;{}&#8221;][et_pb_text _builder_version=&#8221;4.27.4&#8243; _module_preset=&#8221;8b4063b7-3b04-435a-bdca-a1e9f20578c5&#8243; text_font=&#8221;Abril Fatface||||||||&#8221; header_font=&#8221;Abril Fatface||||||||&#8221; header_2_font=&#8221;Abril Fatface|600|||||||&#8221; animation_direction=&#8221;left&#8221; motion_trigger_start=&#8221;top&#8221; header_2_font_size_phone=&#8221;30px&#8221; global_colors_info=&#8221;{}&#8221;]<\/p>\n<h2>Preporuka bibliotekara<\/h2>\n<p>[\/et_pb_text][\/et_pb_column_inner][\/et_pb_row_inner][et_pb_row_inner _builder_version=&#8221;4.27.4&#8243; _module_preset=&#8221;default&#8221; animation_style=&#8221;fold&#8221; global_colors_info=&#8221;{}&#8221;][et_pb_column_inner saved_specialty_column_type=&#8221;2_3&#8243; _builder_version=&#8221;4.27.4&#8243; _module_preset=&#8221;default&#8221; global_colors_info=&#8221;{}&#8221;][et_pb_blog_extras posts_number=&#8221;2&#8243; include_categories=&#8221;8&#8243; blog_layout=&#8221;vertical_grid&#8221; masonry_columns=&#8221;2&#8243; use_manual_excerpt=&#8221;off&#8221; show_more=&#8221;off&#8221; show_author=&#8221;off&#8221; show_date=&#8221;off&#8221; show_categories=&#8221;off&#8221; show_comments=&#8221;off&#8221; show_load_more=&#8221;on&#8221; pagination_type=&#8221;off&#8221; next_text=&#8221;Sljede\u0107a&#8221; prev_text=&#8221;Prethodna&#8221; masonry_columns_tablet=&#8221;2&#8243; masonry_columns_phone=&#8221;1&#8243; masonry_columns_last_edited=&#8221;on|phone&#8221; _builder_version=&#8221;4.27.4&#8243; _module_preset=&#8221;default&#8221; global_colors_info=&#8221;{}&#8221;][\/et_pb_blog_extras][\/et_pb_column_inner][\/et_pb_row_inner][\/et_pb_column][et_pb_column type=&#8221;1_3&#8243; _builder_version=&#8221;4.16&#8243; _module_preset=&#8221;default&#8221; custom_padding=&#8221;|||&#8221; global_colors_info=&#8221;{}&#8221; custom_padding__hover=&#8221;|||&#8221;][et_pb_image src=&#8221;https:\/\/bibliotekank.me\/wp-content\/uploads\/2025\/05\/online-university-64.png&#8221; title_text=&#8221;online-university-64&#8243; disabled_on=&#8221;on|on|off&#8221; _builder_version=&#8221;4.27.4&#8243; _module_preset=&#8221;default&#8221; animation_style=&#8221;fade&#8221; locked=&#8221;off&#8221; global_colors_info=&#8221;{}&#8221;][\/et_pb_image][\/et_pb_column][\/et_pb_section][et_pb_section fb_built=&#8221;1&#8243; _builder_version=&#8221;4.27.4&#8243; _module_preset=&#8221;default&#8221; background_enable_color=&#8221;off&#8221; animation_style=&#8221;fade&#8221; box_shadow_style=&#8221;preset1&#8243; global_colors_info=&#8221;{}&#8221;][et_pb_row _builder_version=&#8221;4.27.4&#8243; _module_preset=&#8221;default&#8221; global_colors_info=&#8221;{}&#8221;][et_pb_column type=&#8221;4_4&#8243; _builder_version=&#8221;4.27.4&#8243; _module_preset=&#8221;default&#8221; global_colors_info=&#8221;{}&#8221;][et_pb_text _builder_version=&#8221;4.27.4&#8243; _module_preset=&#8221;8b4063b7-3b04-435a-bdca-a1e9f20578c5&#8243; header_font=&#8221;Abril Fatface||||||||&#8221; header_2_font=&#8221;Abril Fatface|600|||||||&#8221; text_orientation=&#8221;center&#8221; header_2_font_size_phone=&#8221;30px&#8221; global_colors_info=&#8221;{}&#8221;]<\/p>\n<h2>Partneri biblioteke<\/h2>\n<p>[\/et_pb_text][gs_logo_slider _builder_version=&#8221;4.27.4&#8243; _module_preset=&#8221;default&#8221; global_colors_info=&#8221;{}&#8221;][\/gs_logo_slider][\/et_pb_column][\/et_pb_row][\/et_pb_section][et_pb_section fb_built=&#8221;1&#8243; admin_label=&#8221;Footer&#8221; _builder_version=&#8221;4.16&#8243; background_color=&#8221;rgba(0,0,0,0.07)&#8221; custom_margin=&#8221;40px|40px|40px|40px|true|true&#8221; global_module=&#8221;188&#8243; saved_tabs=&#8221;all&#8221; global_colors_info=&#8221;{}&#8221;][et_pb_row column_structure=&#8221;1_5,1_5,1_5,1_5,1_5&#8243; use_custom_gutter=&#8221;on&#8221; gutter_width=&#8221;2&#8243; _builder_version=&#8221;4.16&#8243; width=&#8221;90%&#8221; hover_enabled=&#8221;0&#8243; global_colors_info=&#8221;{}&#8221; sticky_enabled=&#8221;0&#8243;][et_pb_column type=&#8221;1_5&#8243; _builder_version=&#8221;4.16&#8243; global_colors_info=&#8221;{}&#8221;][et_pb_text admin_label=&#8221;Text&#8221; _builder_version=&#8221;4.27.4&#8243; text_font=&#8221;||||||||&#8221; text_line_height=&#8221;2em&#8221; link_font=&#8221;||||on||||&#8221; link_text_color=&#8221;#000000&#8243; header_3_font=&#8221;|700||on|||||&#8221; header_3_font_size=&#8221;13px&#8221; header_3_letter_spacing=&#8221;1px&#8221; header_3_line_height=&#8221;1.5em&#8221; header_4_font=&#8221;|700||on|||||&#8221; header_4_font_size=&#8221;13px&#8221; header_4_letter_spacing=&#8221;1px&#8221; header_4_line_height=&#8221;1.5em&#8221; max_width=&#8221;800px&#8221; text_line_height_tablet=&#8221;&#8221; text_line_height_phone=&#8221;1.6em&#8221; text_line_height_last_edited=&#8221;on|phone&#8221; header_3_font_size_tablet=&#8221;16px&#8221; header_3_font_size_phone=&#8221;14px&#8221; header_3_font_size_last_edited=&#8221;off|desktop&#8221; header_4_font_size_tablet=&#8221;16px&#8221; header_4_font_size_phone=&#8221;14px&#8221; header_4_font_size_last_edited=&#8221;off|desktop&#8221; locked=&#8221;off&#8221; global_colors_info=&#8221;{}&#8221;]<\/p>\n<h3>Adresa<\/h3>\n<p>Trg \u0160aka Petrovi\u0107a 1<br \/>Nik\u0161i\u0107, 81400<br \/><a href=\"https:\/\/maps.app.goo.gl\/auQ92xLHu9tJd6Wn7\">Kako do nas?<\/a><\/p>\n<p>[\/et_pb_text][\/et_pb_column][et_pb_column type=&#8221;1_5&#8243; _builder_version=&#8221;4.16&#8243; global_colors_info=&#8221;{}&#8221;][et_pb_text _builder_version=&#8221;4.27.4&#8243; text_font=&#8221;||||||||&#8221; text_line_height=&#8221;2em&#8221; link_font=&#8221;||||on||||&#8221; link_text_color=&#8221;#000000&#8243; header_3_font=&#8221;|700||on|||||&#8221; header_3_font_size=&#8221;13px&#8221; header_3_letter_spacing=&#8221;1px&#8221; header_3_line_height=&#8221;1.5em&#8221; header_4_font=&#8221;|700||on|||||&#8221; header_4_font_size=&#8221;13px&#8221; header_4_letter_spacing=&#8221;1px&#8221; header_4_line_height=&#8221;1.5em&#8221; max_width=&#8221;800px&#8221; text_line_height_tablet=&#8221;&#8221; text_line_height_phone=&#8221;1.6em&#8221; text_line_height_last_edited=&#8221;on|phone&#8221; header_3_font_size_tablet=&#8221;16px&#8221; header_3_font_size_phone=&#8221;14px&#8221; header_3_font_size_last_edited=&#8221;off|desktop&#8221; header_4_font_size_tablet=&#8221;16px&#8221; header_4_font_size_phone=&#8221;14px&#8221; header_4_font_size_last_edited=&#8221;off|desktop&#8221; locked=&#8221;off&#8221; global_colors_info=&#8221;{}&#8221;]<\/p>\n<h3>Radno vrijeme:<\/h3>\n<p><strong>Uprava:<\/strong><br \/>Ponedjeljak &#8211; Petak: 07:00h &#8211; 15:00h<\/p>\n<p><strong>Odjeljenja za djecu i odrasle:<\/strong><br \/>Ponedjeljak &#8211; Petak: 07:00h &#8211; 20:00h<br \/>Subota: 07:00h &#8211; 14:30h<\/p>\n<p>&nbsp;<\/p>\n<p>[\/et_pb_text][\/et_pb_column][et_pb_column type=&#8221;1_5&#8243; _builder_version=&#8221;4.16&#8243; global_colors_info=&#8221;{}&#8221;][et_pb_text _builder_version=&#8221;4.27.4&#8243; text_font=&#8221;||||||||&#8221; text_line_height=&#8221;2em&#8221; link_font=&#8221;||||on||||&#8221; link_text_color=&#8221;#000000&#8243; header_3_font=&#8221;|700||on|||||&#8221; header_3_font_size=&#8221;13px&#8221; header_3_letter_spacing=&#8221;1px&#8221; header_3_line_height=&#8221;1.5em&#8221; header_4_font=&#8221;|700||on|||||&#8221; header_4_font_size=&#8221;13px&#8221; header_4_letter_spacing=&#8221;1px&#8221; header_4_line_height=&#8221;1.5em&#8221; max_width=&#8221;800px&#8221; text_line_height_tablet=&#8221;&#8221; text_line_height_phone=&#8221;1.6em&#8221; text_line_height_last_edited=&#8221;on|phone&#8221; header_3_font_size_tablet=&#8221;16px&#8221; header_3_font_size_phone=&#8221;14px&#8221; header_3_font_size_last_edited=&#8221;off|desktop&#8221; header_4_font_size_tablet=&#8221;16px&#8221; header_4_font_size_phone=&#8221;14px&#8221; header_4_font_size_last_edited=&#8221;off|desktop&#8221; locked=&#8221;off&#8221; global_colors_info=&#8221;{}&#8221;]<\/p>\n<h3>Kontakt:<\/h3>\n<p>+38240225222<br \/><a href=\"mailto:info@divilibrary.com\">njegosbiblioteka@t-com.me<\/a><\/p>\n<p>[\/et_pb_text][\/et_pb_column][et_pb_column type=&#8221;1_5&#8243; _builder_version=&#8221;4.16&#8243; global_colors_info=&#8221;{}&#8221;][et_pb_text _builder_version=&#8221;4.27.4&#8243; text_font=&#8221;||||||||&#8221; text_line_height=&#8221;2em&#8221; link_font=&#8221;||||on||||&#8221; link_text_color=&#8221;#000000&#8243; header_3_font=&#8221;|700||on|||||&#8221; header_3_font_size=&#8221;13px&#8221; header_3_letter_spacing=&#8221;1px&#8221; header_3_line_height=&#8221;1.5em&#8221; header_4_font=&#8221;|700||on|||||&#8221; header_4_font_size=&#8221;13px&#8221; header_4_letter_spacing=&#8221;1px&#8221; header_4_line_height=&#8221;1.5em&#8221; max_width=&#8221;800px&#8221; text_line_height_tablet=&#8221;&#8221; text_line_height_phone=&#8221;1.6em&#8221; text_line_height_last_edited=&#8221;on|phone&#8221; header_3_font_size_tablet=&#8221;16px&#8221; header_3_font_size_phone=&#8221;14px&#8221; header_3_font_size_last_edited=&#8221;off|desktop&#8221; header_4_font_size_tablet=&#8221;16px&#8221; header_4_font_size_phone=&#8221;14px&#8221; header_4_font_size_last_edited=&#8221;off|desktop&#8221; locked=&#8221;off&#8221; global_colors_info=&#8221;{}&#8221;]<\/p>\n<h3>Dru\u0161tvene mre\u017ee:<\/h3>\n<p>[\/et_pb_text][et_pb_social_media_follow _builder_version=&#8221;4.27.4&#8243; _module_preset=&#8221;default&#8221; global_colors_info=&#8221;{}&#8221;][et_pb_social_media_follow_network social_network=&#8221;facebook&#8221; url=&#8221;https:\/\/www.facebook.com\/p\/JU-Narodna-biblioteka-Njego%C5%A1-Nik%C5%A1i%C4%87-100064790163518\/&#8221; _builder_version=&#8221;4.27.4&#8243; _module_preset=&#8221;default&#8221; background_color=&#8221;#3b5998&#8243; global_colors_info=&#8221;{}&#8221; follow_button=&#8221;off&#8221; url_new_window=&#8221;on&#8221;]facebook[\/et_pb_social_media_follow_network][et_pb_social_media_follow_network social_network=&#8221;instagram&#8221; url=&#8221;https:\/\/www.instagram.com\/bibliotekanjegosnk\/&#8221; _builder_version=&#8221;4.27.4&#8243; _module_preset=&#8221;default&#8221; background_color=&#8221;#ea2c59&#8243; global_colors_info=&#8221;{}&#8221; follow_button=&#8221;off&#8221; url_new_window=&#8221;on&#8221;]instagram[\/et_pb_social_media_follow_network][et_pb_social_media_follow_network social_network=&#8221;youtube&#8221; url=&#8221;https:\/\/www.youtube.com\/@junarodnabibliotekanjegosn3580&#8243; _builder_version=&#8221;4.27.4&#8243; _module_preset=&#8221;default&#8221; background_color=&#8221;#a82400&#8243; global_colors_info=&#8221;{}&#8221; follow_button=&#8221;off&#8221; url_new_window=&#8221;on&#8221;]youtube[\/et_pb_social_media_follow_network][\/et_pb_social_media_follow][\/et_pb_column][et_pb_column type=&#8221;1_5&#8243; _builder_version=&#8221;4.16&#8243; global_colors_info=&#8221;{}&#8221;][et_pb_code _builder_version=&#8221;4.27.4&#8243; _module_preset=&#8221;default&#8221; hover_enabled=&#8221;0&#8243; sticky_enabled=&#8221;0&#8243;]<a href='https:\/\/plus.cobiss.net\/cobiss\/cg\/cnr_latn\/colib\/nbnk?search=colib%3Fquery%3DJU%2BNarodna%2Bbiblioteka%2BNik%25C5%25A1i%25C4%2587%26max%3D10%26sort%3Ddef'><img loading=\"lazy\" decoding=\"async\" src=\"https:\/\/bibliotekank.me\/wp-content\/uploads\/2025\/06\/Cobiss.png\" alt=\"Girl in a jacket\" width=\"500\" height=\"600\"><\/a>[\/et_pb_code][\/et_pb_column][\/et_pb_row][\/et_pb_section]<\/p>\n","protected":false},"excerpt":{"rendered":"<p>JU Narodna biblioteka \u201eNjego\u0161\u201d Nik\u0161i\u0107Dobro do\u0161li na na\u0161u zvani\u010dnu internet stranicuNovostiPreporuka bibliotekaraPartneri biblioteke<div class=\"et_pb_module gs_logo_slider gs_logo_slider_0\">\n\t\t\t\t\n\t\t\t\t\n\t\t\t\t\n\t\t\t\t\n\t\t\t\t\n\t\t\t\t\n\t\t\t\t<div class=\"et_pb_module_inner\">\n\t\t\t\t\t<div id=\"\" class=\"et_pb_module gs_logo_slider gs_logo_slider_0\">\n                    \t\n\t\t<div id=\"gs_logo_area_1\" class=\"gs_logo_area gs_logo_area_1 slider1\" style=\"opacity: 0; visibility: hidden;\">\n\t\t\t<div class=\"gs_logo_area--inner\">\n\t\n\t\t\t\t\n<div class=\"gs_logo_container gs_carousel_swiper gs_logo_fix_height_and_center\" data-carousel-config='{\"direction\":\"horizontal\",\"speed\":500,\"isAutoplay\":false,\"autoplayDelay\":0,\"loop\":true,\"pauseOnHover\":true,\"ticker\":false,\"navs\":false,\"navs_pos\":\"bottom\",\"dots\":true,\"dynamic_dots\":true,\"slideSpace\":10,\"slidesPerGroup\":1,\"desktopLogos\":5,\"tabletLogos\":3,\"mobileLogos\":2,\"reverseDirection\":false}'>\n\n\t\n\t\t\n\t\t\t<div class=\"gs_logo_single--wrapper\">\n\t\t\t\t<div class=\"gs_logo_single\">\n\n\t\t\t\t\t<!-- Logo Img -->\n\t\t\t\t\t<img width=\"153\" height=\"69\" src=\"https:\/\/bibliotekank.me\/wp-content\/uploads\/2025\/10\/epcg.png\" class=\"default  gs-logo--img wp-post-image\" alt=\"\" title=\"6\" decoding=\"async\" loading=\"lazy\" srcset=\"https:\/\/bibliotekank.me\/wp-content\/uploads\/2025\/10\/epcg.png 153w, https:\/\/bibliotekank.me\/wp-content\/uploads\/2025\/10\/epcg-150x69.png 150w\" sizes=\"(max-width: 153px) 100vw, 153px\" \/>\n\t\t\t\t\t<!-- Logo Title -->\n\t\t\t\t\t\t\t\t\t\t\n\t\t\t\t\t<!-- Logo Category -->\n\t\t\t\t\t\t\t\t\t\t\n\t\t\t\t<\/div>\n\t\t\t<\/div>\n\n\t\t\n\t\t\t<div class=\"gs_logo_single--wrapper\">\n\t\t\t\t<div class=\"gs_logo_single\">\n\n\t\t\t\t\t<!-- Logo Img -->\n\t\t\t\t\t<img width=\"300\" height=\"300\" src=\"https:\/\/bibliotekank.me\/wp-content\/uploads\/2025\/05\/Untitled-5-300x300.png\" class=\"default  gs-logo--img wp-post-image\" alt=\"\" title=\"5\" decoding=\"async\" loading=\"lazy\" \/>\n\t\t\t\t\t<!-- Logo Title -->\n\t\t\t\t\t\t\t\t\t\t\n\t\t\t\t\t<!-- Logo Category -->\n\t\t\t\t\t\t\t\t\t\t\n\t\t\t\t<\/div>\n\t\t\t<\/div>\n\n\t\t\n\t\t\t<div class=\"gs_logo_single--wrapper\">\n\t\t\t\t<div class=\"gs_logo_single\">\n\n\t\t\t\t\t<!-- Logo Img -->\n\t\t\t\t\t<img width=\"300\" height=\"300\" src=\"https:\/\/bibliotekank.me\/wp-content\/uploads\/2025\/05\/Untitled-4-300x300.png\" class=\"default  gs-logo--img wp-post-image\" alt=\"\" title=\"4\" decoding=\"async\" loading=\"lazy\" \/>\n\t\t\t\t\t<!-- Logo Title -->\n\t\t\t\t\t\t\t\t\t\t\n\t\t\t\t\t<!-- Logo Category -->\n\t\t\t\t\t\t\t\t\t\t\n\t\t\t\t<\/div>\n\t\t\t<\/div>\n\n\t\t\n\t\t\t<div class=\"gs_logo_single--wrapper\">\n\t\t\t\t<div class=\"gs_logo_single\">\n\n\t\t\t\t\t<!-- Logo Img -->\n\t\t\t\t\t<img width=\"300\" height=\"300\" src=\"https:\/\/bibliotekank.me\/wp-content\/uploads\/2025\/05\/Untitled-3-2-300x300.png\" class=\"default  gs-logo--img wp-post-image\" alt=\"\" title=\"3\" decoding=\"async\" loading=\"lazy\" \/>\n\t\t\t\t\t<!-- Logo Title -->\n\t\t\t\t\t\t\t\t\t\t\n\t\t\t\t\t<!-- Logo Category -->\n\t\t\t\t\t\t\t\t\t\t\n\t\t\t\t<\/div>\n\t\t\t<\/div>\n\n\t\t\n\t\t\t<div class=\"gs_logo_single--wrapper\">\n\t\t\t\t<div class=\"gs_logo_single\">\n\n\t\t\t\t\t<!-- Logo Img -->\n\t\t\t\t\t<img width=\"300\" height=\"300\" src=\"https:\/\/bibliotekank.me\/wp-content\/uploads\/2025\/05\/Untitled-1-300x300.png\" class=\"default  gs-logo--img wp-post-image\" alt=\"\" title=\"2\" decoding=\"async\" loading=\"lazy\" \/>\n\t\t\t\t\t<!-- Logo Title -->\n\t\t\t\t\t\t\t\t\t\t\n\t\t\t\t\t<!-- Logo Category -->\n\t\t\t\t\t\t\t\t\t\t\n\t\t\t\t<\/div>\n\t\t\t<\/div>\n\n\t\t\n\t\t\t<div class=\"gs_logo_single--wrapper\">\n\t\t\t\t<div class=\"gs_logo_single\">\n\n\t\t\t\t\t<!-- Logo Img -->\n\t\t\t\t\t<img width=\"300\" height=\"300\" src=\"https:\/\/bibliotekank.me\/wp-content\/uploads\/2025\/05\/Untitled-2-300x300.png\" class=\"default  gs-logo--img wp-post-image\" alt=\"\" title=\"1\" decoding=\"async\" loading=\"lazy\" \/>\n\t\t\t\t\t<!-- Logo Title -->\n\t\t\t\t\t\t\t\t\t\t\n\t\t\t\t\t<!-- Logo Category -->\n\t\t\t\t\t\t\t\t\t\t\n\t\t\t\t<\/div>\n\t\t\t<\/div>\n\n\t\t\t\t\n\t\n<\/div>\t\t\t<\/div>\n\t\t<\/div>\n\t\n\t\t<style>#gs_logo_area_1:not(.verticaltickerdown):not(.verticalticker) .gs_logo_container{margin-left:-5px}#gs_logo_area_1:not(.verticaltickerdown):not(.verticalticker) .gs_logo_container{margin-right:-5px}#gs_logo_area_1:not(.verticaltickerdown):not(.verticalticker) .gs_logo_single--wrapper{padding:5px}#gs_logo_area_1 ul.gs-logo-filter-cats{text-align:center!important}#gs_logo_area_1 .gs_logo_single--wrapper{width:20%}@media (max-width:1023px){#gs_logo_area_1 .gs_logo_single--wrapper{width:33.333333333333%}}@media (max-width:767px){#gs_logo_area_1 .gs_logo_single--wrapper{width:50%}}<\/style>\n                <\/div>\n\t\t\t\t<\/div>\n\t\t\t<\/div>Adresa Trg \u0160aka Petrovi\u0107a 1Nik\u0161i\u0107, 81400Kako do nas?Radno vrijeme: Uprava:Ponedjeljak &#8211; Petak: 07:00h &#8211; 15:00h Odjeljenja za djecu i odrasle:Ponedjeljak &#8211; Petak: 07:00h &#8211; 20:00hSubota: 07:00h &#8211; 14:30h &nbsp;Kontakt: +38240225222njegosbiblioteka@t-com.meDru\u0161tvene mre\u017ee:<\/p>\n","protected":false},"author":1,"featured_media":0,"parent":0,"menu_order":0,"comment_status":"closed","ping_status":"closed","template":"","meta":{"_et_pb_use_builder":"on","_et_pb_old_content":"<!-- wp:divi\/placeholder \/-->","_et_gb_content_width":"","footnotes":""},"class_list":["post-10","page","type-page","status-publish","hentry"],"_links":{"self":[{"href":"https:\/\/bibliotekank.me\/index.php?rest_route=\/wp\/v2\/pages\/10","targetHints":{"allow":["GET"]}}],"collection":[{"href":"https:\/\/bibliotekank.me\/index.php?rest_route=\/wp\/v2\/pages"}],"about":[{"href":"https:\/\/bibliotekank.me\/index.php?rest_route=\/wp\/v2\/types\/page"}],"author":[{"embeddable":true,"href":"https:\/\/bibliotekank.me\/index.php?rest_route=\/wp\/v2\/users\/1"}],"replies":[{"embeddable":true,"href":"https:\/\/bibliotekank.me\/index.php?rest_route=%2Fwp%2Fv2%2Fcomments&post=10"}],"version-history":[{"count":51,"href":"https:\/\/bibliotekank.me\/index.php?rest_route=\/wp\/v2\/pages\/10\/revisions"}],"predecessor-version":[{"id":762,"href":"https:\/\/bibliotekank.me\/index.php?rest_route=\/wp\/v2\/pages\/10\/revisions\/762"}],"wp:attachment":[{"href":"https:\/\/bibliotekank.me\/index.php?rest_route=%2Fwp%2Fv2%2Fmedia&parent=10"}],"curies":[{"name":"wp","href":"https:\/\/api.w.org\/{rel}","templated":true}]}}