{"id":180,"date":"2025-05-14T19:06:52","date_gmt":"2025-05-14T19:06:52","guid":{"rendered":"https:\/\/bibliotekank.me\/?page_id=180"},"modified":"2025-05-27T20:23:38","modified_gmt":"2025-05-27T20:23:38","slug":"izdanja","status":"publish","type":"page","link":"https:\/\/bibliotekank.me\/?page_id=180","title":{"rendered":"Izdanja"},"content":{"rendered":"<p>[et_pb_section fb_built=&#8221;1&#8243; _builder_version=&#8221;4.27.4&#8243; _module_preset=&#8221;default&#8221; global_colors_info=&#8221;{}&#8221;][et_pb_row _builder_version=&#8221;4.27.4&#8243; _module_preset=&#8221;default&#8221; global_colors_info=&#8221;{}&#8221;][et_pb_column type=&#8221;4_4&#8243; _builder_version=&#8221;4.27.4&#8243; _module_preset=&#8221;default&#8221; global_colors_info=&#8221;{}&#8221;][et_pb_blog_extras posts_number=&#8221;3&#8243; post_order=&#8221;ASC&#8221; include_categories=&#8221;13&#8243; blog_layout=&#8221;box_extended&#8221; use_read_more_button=&#8221;on&#8221; read_more_text=&#8221;Pro\u010ditajte vi\u0161e&#8221; show_author=&#8221;off&#8221; show_date=&#8221;off&#8221; show_categories=&#8221;off&#8221; show_comments=&#8221;off&#8221; show_load_more=&#8221;on&#8221; _builder_version=&#8221;4.27.4&#8243; _module_preset=&#8221;default&#8221; custom_read_more=&#8221;on&#8221; read_more_text_color=&#8221;#000000&#8243; hover_enabled=&#8221;0&#8243; global_colors_info=&#8221;{}&#8221; load_more_text=&#8221;Prika\u017ei vi\u0161e&#8221; show_less_text=&#8221;Prika\u017ei manje&#8221; custom_ajax_pagination=&#8221;on&#8221; ajax_pagination_text_color=&#8221;#000000&#8243; sticky_enabled=&#8221;0&#8243;][\/et_pb_blog_extras][\/et_pb_column][\/et_pb_row][\/et_pb_section]<\/p>\n","protected":false},"excerpt":{"rendered":"","protected":false},"author":1,"featured_media":0,"parent":0,"menu_order":0,"comment_status":"closed","ping_status":"closed","template":"","meta":{"_et_pb_use_builder":"on","_et_pb_old_content":"<!-- wp:divi\/placeholder \/-->","_et_gb_content_width":"","footnotes":""},"class_list":["post-180","page","type-page","status-publish","hentry"],"_links":{"self":[{"href":"https:\/\/bibliotekank.me\/index.php?rest_route=\/wp\/v2\/pages\/180","targetHints":{"allow":["GET"]}}],"collection":[{"href":"https:\/\/bibliotekank.me\/index.php?rest_route=\/wp\/v2\/pages"}],"about":[{"href":"https:\/\/bibliotekank.me\/index.php?rest_route=\/wp\/v2\/types\/page"}],"author":[{"embeddable":true,"href":"https:\/\/bibliotekank.me\/index.php?rest_route=\/wp\/v2\/users\/1"}],"replies":[{"embeddable":true,"href":"https:\/\/bibliotekank.me\/index.php?rest_route=%2Fwp%2Fv2%2Fcomments&post=180"}],"version-history":[{"count":9,"href":"https:\/\/bibliotekank.me\/index.php?rest_route=\/wp\/v2\/pages\/180\/revisions"}],"predecessor-version":[{"id":445,"href":"https:\/\/bibliotekank.me\/index.php?rest_route=\/wp\/v2\/pages\/180\/revisions\/445"}],"wp:attachment":[{"href":"https:\/\/bibliotekank.me\/index.php?rest_route=%2Fwp%2Fv2%2Fmedia&parent=180"}],"curies":[{"name":"wp","href":"https:\/\/api.w.org\/{rel}","templated":true}]}}